{"id":3,"date":"2024-10-22T01:21:53","date_gmt":"2024-10-22T01:21:53","guid":{"rendered":"https:\/\/innovatechllc.xyz\/?page_id=3"},"modified":"2024-10-23T18:56:50","modified_gmt":"2024-10-23T18:56:50","slug":"privacy-policy","status":"publish","type":"page","link":"https:\/\/innovatechllc.xyz\/es\/privacy-policy\/","title":{"rendered":"pol\u00edtica de privacidad"},"content":{"rendered":"<h4 class=\"term wp-block-heading\">Introduction<\/h4>\n\t\n\n\t\n\t<p class=\"privacy-conditions-para\">Lorem ipsum dolor sit amet, consectetur adipiscing elit, sed do eiusmod tempor incididunt ut labore et dolore magna aliqua. Ut enim ad minim veniam, quis nostrud exercitation ullamco laboris nisi ut aliquip ex ea commodo consequat. Duis aute irure dolor in reprehenderit in voluptate velit esse cillum dolore eu fugiat nulla pariatur. Excepteur sint occaecat cupidatat non proident, sunt in culpa qui officia deserunt mollit anim id est laborum.<\/p>\n\t\n\n\t\n\t<h6 class=\"privacy-conditions-heading wp-block-heading\">01 Who we are, our Services and our Website.<\/h6>\n\t\n\n\t\n\t<p class=\"privacy-conditions-para\">Lorem Ipsum is simply dummy text of the printing and typesetting industry. Lorem Ipsum has been the industrys standard dummy text ever since the 1500s, when an unknown printer took a galley of type and scrambled it to make a type specimen book. It has survived not only five centuries, but also the leap into electronic typesetting, remaining essentially unchanged. It was popularised in the 1960s with the release of Letraset sheets containing Lorem Ipsum passages, and more recently with desktop publishing software like Aldus PageMaker including versions of Lorem Ipsum.<\/p>\n\t\n\n\t\n\t<h6 class=\"privacy-conditions-heading wp-block-heading\">02 Hosting and Cloud Services<\/h6>\n\t\n\n\t\n\t<p class=\"privacy-conditions-para\">Lorem Ipsum is simply dummy text of the printing and typesetting industry. Lorem Ipsum has been the industrys standard dummy text ever since the 1500s, when an unknown printer took a galley of type and scrambled it to make a type specimen book. It has survived not only five centuries, but also the leap into electronic typesetting, remaining essentially unchanged. It was popularised in the 1960s with the release of Letraset sheets containing Lorem Ipsum passages, and more recently with desktop publishing software like Aldus PageMaker including versions of Lorem Ipsum.<\/p>\n\t\n\n\t\n\t<p class=\"privacy-conditions-inner-para d-flex justify-content-space-between\"><span><i class=\"fa fa-check\"><\/i><\/span> Es un hecho establecido desde hace mucho tiempo que un lector se distraer\u00e1 con el contenido legible de una p\u00e1gina cuando observe su dise\u00f1o.<\/p>\n\t\n\n\t\n\t<p class=\"privacy-conditions-inner-para d-flex justify-content-space-between\"><span><i class=\"fa fa-check\"><\/i><\/span> Es un hecho establecido desde hace mucho tiempo que un lector se distraer\u00e1 con el contenido legible de una p\u00e1gina cuando observe su dise\u00f1o.<\/p>\n\t\n\n\t\n\t<p class=\"privacy-conditions-inner-para d-flex justify-content-space-between\"><span><i class=\"fa fa-check\"><\/i><\/span> Es un hecho establecido desde hace mucho tiempo que un lector se distraer\u00e1 con el contenido legible de una p\u00e1gina cuando observe su dise\u00f1o.<\/p>\n\t\n\n\t\n\t<p class=\"privacy-conditions-inner-para d-flex justify-content-space-between\"><span><i class=\"fa fa-check\"><\/i><\/span> Es un hecho establecido desde hace mucho tiempo que un lector se distraer\u00e1 con el contenido legible de una p\u00e1gina cuando observe su dise\u00f1o.<\/p>\n\t\n\n\n\t\n\t<h6 class=\"privacy-conditions-heading wp-block-heading\">03 Domain Registration Services<\/h6>\n\t\n\n\t\n\t<p class=\"privacy-conditions-para\">Lorem Ipsum is simply dummy text of the printing and typesetting industry. Lorem Ipsum has been the industrys standard dummy text ever since the 1500s, when an unknown printer took a galley of type and scrambled it to make a type specimen book. It has survived not only five centuries, but also the leap into electronic typesetting, remaining essentially unchanged. It was popularised in the 1960s with the release of Letraset sheets containing Lorem Ipsum passages, and more recently with desktop publishing software like Aldus PageMaker including versions of Lorem Ipsum.<\/p>\n\t\n\n\n\t\n\t<h6 class=\"privacy-conditions-heading wp-block-heading\">04 How do we use the information we collect about you?<\/h6>\n\t\n\n\t\n\t<p class=\"privacy-conditions-para\">Lorem Ipsum is simply dummy text of the printing and typesetting industry. Lorem Ipsum has been the industrys standard dummy text ever since the 1500s, when an unknown printer took a galley of type and scrambled it to make a type specimen book. It has survived not only five centuries, but also the leap into electronic typesetting, remaining essentially unchanged. It was popularised in the 1960s with the release of Letraset sheets containing Lorem Ipsum passages, and more recently with desktop publishing software like Aldus PageMaker including versions of Lorem Ipsum.<\/p>\n\t\n\n\t\n\t<p class=\"privacy-conditions-inner-para d-flex justify-content-space-between\"><span><i class=\"fa fa-check\"><\/i><\/span> Es un hecho establecido desde hace mucho tiempo que un lector se distraer\u00e1 con el contenido legible de una p\u00e1gina cuando observe su dise\u00f1o.<\/p>\n\t\n\n\t\n\t<p class=\"privacy-conditions-inner-para d-flex justify-content-space-between\"><span><i class=\"fa fa-check\"><\/i><\/span> Es un hecho establecido desde hace mucho tiempo que un lector se distraer\u00e1 con el contenido legible de una p\u00e1gina cuando observe su dise\u00f1o.<\/p>\n\t\n\n\t\n\t<p class=\"privacy-conditions-inner-para d-flex justify-content-space-between\"><span><i class=\"fa fa-check\"><\/i><\/span> Es un hecho establecido desde hace mucho tiempo que un lector se distraer\u00e1 con el contenido legible de una p\u00e1gina cuando observe su dise\u00f1o.<\/p>\n\t\n\n\t\n\t<p class=\"privacy-conditions-inner-para d-flex justify-content-space-between\"><span><i class=\"fa fa-check\"><\/i><\/span> Es un hecho establecido desde hace mucho tiempo que un lector se distraer\u00e1 con el contenido legible de una p\u00e1gina cuando observe su dise\u00f1o.<\/p>\n\t\n\n\n\t\n\t<h6 class=\"privacy-conditions-heading wp-block-heading\">06 Domain Registration Services<\/h6>\n\t\n\n\t\n\t<p class=\"privacy-conditions-para\">Lorem Ipsum is simply dummy text of the printing and typesetting industry. Lorem Ipsum has been the industrys standard dummy text ever since the 1500s, when an unknown printer took a galley of type and scrambled it to make a type specimen book. It has survived not only five centuries, but also the leap into electronic typesetting, remaining essentially unchanged. It was popularised in the 1960s with the release of Letraset sheets containing Lorem Ipsum passages, and more recently with desktop publishing software like Aldus PageMaker including versions of Lorem Ipsum.<\/p>\n\t\n\n\n\t\n\t<h6 class=\"privacy-conditions-heading wp-block-heading\">07 Our legal basis for processing personal information<\/h6>\n\t\n\n\t\n\t<p class=\"privacy-conditions-para\">Lorem Ipsum is simply dummy text of the printing and typesetting industry. Lorem Ipsum has been the industrys standard dummy text ever since the 1500s, when an unknown printer took a galley of type and scrambled it to make a type specimen book. It has survived not only five centuries, but also the leap into electronic typesetting, remaining essentially unchanged. It was popularised in the 1960s with the release of Letraset sheets containing Lorem Ipsum passages, and more recently with desktop publishing software like Aldus PageMaker including versions of Lorem Ipsum.<\/p>\n\t\n\n\n\n\t\n\t<h6 class=\"privacy-conditions-heading wp-block-heading\">08 Your data protection rights<\/h6>\n\t\n\n\t\n\t<p class=\"privacy-conditions-para\">Lorem Ipsum is simply dummy text of the printing and typesetting industry. Lorem Ipsum has been the industrys standard dummy text ever since the 1500s, when an unknown printer took a galley of type and scrambled it to make a type specimen book. It has survived not only five centuries, but also the leap into electronic typesetting, remaining essentially unchanged. It was popularised in the 1960s with the release of Letraset sheets containing Lorem Ipsum passages, and more recently with desktop publishing software like Aldus PageMaker including versions of Lorem Ipsum.<\/p>\n\t\n\n\t\n\t<p class=\"privacy-conditions-inner-para d-flex justify-content-space-between\"><span><i class=\"fa fa-check\"><\/i><\/span> Es un hecho establecido desde hace mucho tiempo que un lector se distraer\u00e1 con el contenido legible de una p\u00e1gina cuando observe su dise\u00f1o.<\/p>\n\t\n\n\t\n\t<p class=\"privacy-conditions-inner-para d-flex justify-content-space-between\"><span><i class=\"fa fa-check\"><\/i><\/span> Es un hecho establecido desde hace mucho tiempo que un lector se distraer\u00e1 con el contenido legible de una p\u00e1gina cuando observe su dise\u00f1o.<\/p>\n\t\n\n\t\n\t<p class=\"privacy-conditions-inner-para d-flex justify-content-space-between\"><span><i class=\"fa fa-check\"><\/i><\/span> Es un hecho establecido desde hace mucho tiempo que un lector se distraer\u00e1 con el contenido legible de una p\u00e1gina cuando observe su dise\u00f1o.<\/p>\n\t\n\n\t\n\t<p class=\"privacy-conditions-inner-para d-flex justify-content-space-between\"><span><i class=\"fa fa-check\"><\/i><\/span> Es un hecho establecido desde hace mucho tiempo que un lector se distraer\u00e1 con el contenido legible de una p\u00e1gina cuando observe su dise\u00f1o.<\/p>\n\t\n\n\n\n\n\t\n\t<h6 class=\"privacy-conditions-heading wp-block-heading\">09 Your data protection rights<\/h6>\n\t\n\n\t\n\t<p class=\"privacy-conditions-para\">Lorem Ipsum is simply dummy text of the printing and typesetting industry. Lorem Ipsum has been the industrys standard dummy text ever since the 1500s, when an unknown printer took a galley of type and scrambled it to make a type specimen book. It has survived not only five centuries, but also the leap into electronic typesetting, remaining essentially unchanged. It was popularised in the 1960s with the release of Letraset sheets containing Lorem Ipsum passages, and more recently with desktop publishing software like Aldus PageMaker including versions of Lorem Ipsum.<\/p>\n\t\n\n\t\n\t<p class=\"privacy-conditions-inner-para d-flex justify-content-space-between\"><span><i class=\"fa fa-check\"><\/i><\/span> Es un hecho establecido desde hace mucho tiempo que un lector se distraer\u00e1 con el contenido legible de una p\u00e1gina cuando observe su dise\u00f1o.<\/p>\n\t\n\n\t\n\t<p class=\"privacy-conditions-inner-para d-flex justify-content-space-between\"><span><i class=\"fa fa-check\"><\/i><\/span> Es un hecho establecido desde hace mucho tiempo que un lector se distraer\u00e1 con el contenido legible de una p\u00e1gina cuando observe su dise\u00f1o.<\/p>\n\t\n\n\t\n\t<p class=\"privacy-conditions-inner-para d-flex justify-content-space-between\"><span><i class=\"fa fa-check\"><\/i><\/span> Es un hecho establecido desde hace mucho tiempo que un lector se distraer\u00e1 con el contenido legible de una p\u00e1gina cuando observe su dise\u00f1o.<\/p>\n\t\n\n\t\n\t<p class=\"privacy-conditions-inner-para d-flex justify-content-space-between\"><span><i class=\"fa fa-check\"><\/i><\/span> Es un hecho establecido desde hace mucho tiempo que un lector se distraer\u00e1 con el contenido legible de una p\u00e1gina cuando observe su dise\u00f1o.<\/p>\n\t\n\n\n\t\n\t<h6 class=\"privacy-conditions-heading wp-block-heading\">10 With whom do we share your information?<\/h6>\n\t\n\n\t\n\t<p class=\"privacy-conditions-para\">Lorem Ipsum is simply dummy text of the printing and typesetting industry. Lorem Ipsum has been the industrys standard dummy text ever since the 1500s, when an unknown printer took a galley of type and scrambled it to make a type specimen book. It has survived not only five centuries, but also the leap into electronic typesetting, remaining essentially unchanged. It was popularised in the 1960s with the release of Letraset sheets containing Lorem Ipsum passages, and more recently with desktop publishing software like Aldus PageMaker including versions of Lorem Ipsum.<\/p>\n\t\n\n\n\t\n\t<h6 class=\"privacy-conditions-heading wp-block-heading\">11 Security: how we keep your information secure?<\/h6>\n\t\n\n\t\n\t<p class=\"privacy-conditions-para\">Lorem Ipsum is simply dummy text of the printing and typesetting industry. Lorem Ipsum has been the industrys standard dummy text ever since the 1500s, when an unknown printer took a galley of type and scrambled it to make a type specimen book. It has survived not only five centuries, but also the leap into electronic typesetting, remaining essentially unchanged. It was popularised in the 1960s with the release of Letraset sheets containing Lorem Ipsum passages, and more recently with desktop publishing software like Aldus PageMaker including versions of Lorem Ipsum.<\/p>\n\t\n\n\t\n\t<p class=\"privacy-conditions-inner-para d-flex justify-content-space-between\"><span><i class=\"fa fa-check\"><\/i><\/span> Es un hecho establecido desde hace mucho tiempo que un lector se distraer\u00e1 con el contenido legible de una p\u00e1gina cuando observe su dise\u00f1o.<\/p>\n\t\n\n\t\n\t<p class=\"privacy-conditions-inner-para d-flex justify-content-space-between\"><span><i class=\"fa fa-check\"><\/i><\/span> Es un hecho establecido desde hace mucho tiempo que un lector se distraer\u00e1 con el contenido legible de una p\u00e1gina cuando observe su dise\u00f1o.<\/p>\n\t\n\n\t\n\t<p class=\"privacy-conditions-inner-para d-flex justify-content-space-between\"><span><i class=\"fa fa-check\"><\/i><\/span> Es un hecho establecido desde hace mucho tiempo que un lector se distraer\u00e1 con el contenido legible de una p\u00e1gina cuando observe su dise\u00f1o.<\/p>\n\t\n\n\t\n\t<p class=\"privacy-conditions-inner-para d-flex justify-content-space-between\"><span><i class=\"fa fa-check\"><\/i><\/span> Es un hecho establecido desde hace mucho tiempo que un lector se distraer\u00e1 con el contenido legible de una p\u00e1gina cuando observe su dise\u00f1o.<\/p>\n\t\n\n\n\n\t\n\t<h6 class=\"privacy-conditions-heading wp-block-heading\">12 Changes to your Privacy Policy<\/h6>\n\t\n\n\t\n\t<p class=\"privacy-conditions-para\">Lorem Ipsum is simply dummy text of the printing and typesetting industry. Lorem Ipsum has been the industrys standard dummy text ever since the 1500s, when an unknown printer took a galley of type and scrambled it to make a type specimen book. It has survived not only five centuries, but also the leap into electronic typesetting, remaining essentially unchanged. It was popularised in the 1960s with the release of Letraset sheets containing Lorem Ipsum passages, and more recently with desktop publishing software like Aldus PageMaker including versions of Lorem Ipsum.<\/p>\n\t\n\n\t\n\t<p class=\"privacy-conditions-inner-para d-flex justify-content-space-between\"><span><i class=\"fa fa-check\"><\/i><\/span> Es un hecho establecido desde hace mucho tiempo que un lector se distraer\u00e1 con el contenido legible de una p\u00e1gina cuando observe su dise\u00f1o.<\/p>\n\t\n\n\t\n\t<p class=\"privacy-conditions-inner-para d-flex justify-content-space-between\"><span><i class=\"fa fa-check\"><\/i><\/span> Es un hecho establecido desde hace mucho tiempo que un lector se distraer\u00e1 con el contenido legible de una p\u00e1gina cuando observe su dise\u00f1o.<\/p>\n\t\n\n\t\n\t<p class=\"privacy-conditions-inner-para d-flex justify-content-space-between\"><span><i class=\"fa fa-check\"><\/i><\/span> Es un hecho establecido desde hace mucho tiempo que un lector se distraer\u00e1 con el contenido legible de una p\u00e1gina cuando observe su dise\u00f1o.<\/p>\n\t\n\n\t\n\t<p class=\"privacy-conditions-inner-para d-flex justify-content-space-between\"><span><i class=\"fa fa-check\"><\/i><\/span> Es un hecho establecido desde hace mucho tiempo que un lector se distraer\u00e1 con el contenido legible de una p\u00e1gina cuando observe su dise\u00f1o.<\/p>\n\t\n\n\n\t\n\t<h6 class=\"privacy-conditions-heading wp-block-heading\">13 Questions and complaints<\/h6>\n\t\n\n\t\n\t<p class=\"privacy-conditions-para\">Lorem Ipsum is simply dummy text of the printing and typesetting industry. Lorem Ipsum has been the industrys standard dummy text ever since the 1500s, when an unknown printer took a galley of type and scrambled it to make a type specimen book. It has survived not only five centuries, but also the leap into electronic typesetting, remaining essentially unchanged. It was popularised in the 1960s with the release of Letraset sheets containing Lorem Ipsum passages, and more recently with desktop publishing software like Aldus PageMaker including versions of Lorem Ipsum.<\/p>\n\t\n\n\n\t\n\t<h6 class=\"privacy-conditions-heading wp-block-heading\">14 Third-party websites<\/h6>\n\t\n\n\t\n\t<p class=\"privacy-conditions-para\">Lorem Ipsum is simply dummy text of the printing and typesetting industry. Lorem Ipsum has been the industrys standard dummy text ever since the 1500s, when an unknown printer took a galley of type and scrambled it to make a type specimen book. It has survived not only five centuries, but also the leap into electronic typesetting, remaining essentially unchanged. It was popularised in the 1960s with the release of Letraset sheets containing Lorem Ipsum passages, and more recently with desktop publishing software like Aldus PageMaker including versions of Lorem Ipsum.<\/p>\n\t\n\n\t\n\t<p class=\"privacy-conditions-inner-para d-flex justify-content-space-between\"><span><i class=\"fa fa-check\"><\/i><\/span> Es un hecho establecido desde hace mucho tiempo que un lector se distraer\u00e1 con el contenido legible de una p\u00e1gina cuando observe su dise\u00f1o.<\/p>\n\t\n\n\t\n\t<p class=\"privacy-conditions-inner-para d-flex justify-content-space-between\"><span><i class=\"fa fa-check\"><\/i><\/span> Es un hecho establecido desde hace mucho tiempo que un lector se distraer\u00e1 con el contenido legible de una p\u00e1gina cuando observe su dise\u00f1o.<\/p>\n\t\n\n\t\n\t<p class=\"privacy-conditions-inner-para d-flex justify-content-space-between\"><span><i class=\"fa fa-check\"><\/i><\/span> Es un hecho establecido desde hace mucho tiempo que un lector se distraer\u00e1 con el contenido legible de una p\u00e1gina cuando observe su dise\u00f1o.<\/p>\n\t\n\n\t\n\t<p class=\"privacy-conditions-inner-para d-flex justify-content-space-between\"><span><i class=\"fa fa-check\"><\/i><\/span> Es un hecho establecido desde hace mucho tiempo que un lector se distraer\u00e1 con el contenido legible de una p\u00e1gina cuando observe su dise\u00f1o.<\/p>","protected":false},"excerpt":{"rendered":"<p>Introduction Lorem ipsum dolor sit amet, consectetur adipiscing elit, sed do eiusmod tempor incididunt ut labore et dolore magna aliqua. Ut enim ad minim veniam, quis nostrud exercitation ullamco laboris nisi ut aliquip ex ea commodo consequat. Duis aute irure dolor in reprehenderit in voluptate velit esse cillum dolore eu fugiat nulla pariatur. Excepteur sint &hellip; <\/p>\n<p class=\"link-more\"><a href=\"https:\/\/innovatechllc.xyz\/es\/privacy-policy\/\" class=\"more-link\">Continue reading<span class=\"screen-reader-text\"> &#8220;Privacy Policy&#8221;<\/span><\/a><\/p>","protected":false},"author":1,"featured_media":0,"parent":0,"menu_order":0,"comment_status":"closed","ping_status":"open","template":"","meta":{"_regular_price":[],"currency_symbol":[],"footnotes":""},"class_list":["post-3","page","type-page","status-publish","hentry"],"post_slider_layout_featured_media_urls":{"thumbnail":"","post_slider_layout_landscape_large":"","post_slider_layout_portrait_large":"","post_slider_layout_square_large":"","post_slider_layout_landscape":"","post_slider_layout_portrait":"","post_slider_layout_square":"","full":""},"_links":{"self":[{"href":"https:\/\/innovatechllc.xyz\/es\/wp-json\/wp\/v2\/pages\/3","targetHints":{"allow":["GET"]}}],"collection":[{"href":"https:\/\/innovatechllc.xyz\/es\/wp-json\/wp\/v2\/pages"}],"about":[{"href":"https:\/\/innovatechllc.xyz\/es\/wp-json\/wp\/v2\/types\/page"}],"author":[{"embeddable":true,"href":"https:\/\/innovatechllc.xyz\/es\/wp-json\/wp\/v2\/users\/1"}],"replies":[{"embeddable":true,"href":"https:\/\/innovatechllc.xyz\/es\/wp-json\/wp\/v2\/comments?post=3"}],"version-history":[{"count":2,"href":"https:\/\/innovatechllc.xyz\/es\/wp-json\/wp\/v2\/pages\/3\/revisions"}],"predecessor-version":[{"id":252,"href":"https:\/\/innovatechllc.xyz\/es\/wp-json\/wp\/v2\/pages\/3\/revisions\/252"}],"wp:attachment":[{"href":"https:\/\/innovatechllc.xyz\/es\/wp-json\/wp\/v2\/media?parent=3"}],"curies":[{"name":"wp","href":"https:\/\/api.w.org\/{rel}","templated":true}]}}